{"id":14,"date":"2016-03-23T08:30:50","date_gmt":"2016-03-23T08:30:50","guid":{"rendered":"http:\/\/www.indever.co.uk\/~deganwy\/?page_id=14"},"modified":"2023-07-28T11:18:00","modified_gmt":"2023-07-28T11:18:00","slug":"contact-us","status":"publish","type":"page","link":"https:\/\/www.deganwyhistory.co.uk\/cy\/contact-us\/","title":{"rendered":"Cyswllt"},"content":{"rendered":"<p><em><span style=\"color: #0000ff;\">Cysylltwch \u00e2 ni<\/span><\/em><\/p>\n<p><em><span style=\"color: #0000ff;\">Os hoffech gysylltu \u00e2 Gr\u0175p Hanes Deganwy History Group, neu os oes gennych ymholiadau am y wefan hon, gellwch anfon neges e-bost neu gysylltu \u00e2\u2019n Hysgrifennydd neu\u2019r Gwefeistr<\/span><\/em><\/p>\n<h3>Ysgrifennydd<\/h3>\n<p>Vicky Macdonald<br \/>\nTel: <strong>01492 583379<\/strong><br \/>\nEmail: VickyMacdonald@aol.com<\/p>\n<h3>Gwefeistr<\/h3>\n<p>Trefor Price<\/p>\n<p><strong>07711588714<\/strong><\/p>\n<p>E -bost : <span style=\"color: #0000ff;\">trefor.price@btopenworld.com<\/span><\/p>\n<hr>\n<p><img loading=\"lazy\" decoding=\"async\" class=\"aligncenter\" src=\"http:\/\/www.deganwyhistory.co.uk\/wp-content\/uploads\/2017\/11\/Committee-2016-17-Inserts-300x223.jpg\" alt=\"Committee-2016-17 Inserts\" width=\"451\" height=\"335\"><\/p>\n<p><strong>Pwyllgor&nbsp;<\/strong><strong>2017<\/strong><\/p>\n<p><strong>Sefyll y tu \u00f4l o&#8217;r chwith i&#8217;r dde:<\/strong>&nbsp;Gwyn Hughes, John Griffiths, Lucinda Smith, Arfon Williams, John M. Davies, Ifor Williams.<\/p>\n<p><strong><span class=\"hps\">Eistedd<\/span>&nbsp;<strong>o&#8217;r chwith i&#8217;r dde<\/strong>:<\/strong>&nbsp;Mary Meldrum, Kevin Slattery, Eric Smith, Elan Rivers, Vicky Macdonald.<\/p>\n<p style=\"text-align: left;\"><strong><span class=\"hps\">Mewnosod<\/span>&nbsp;:<\/strong>&nbsp;Nigel Bannermann, Adrian Hughes.<\/p>\n<hr>\n<h6><img loading=\"lazy\" decoding=\"async\" class=\"aligncenter wp-image-2808\" src=\"http:\/\/www.deganwyhistory.co.uk\/wp-content\/uploads\/2015\/03\/Committee-2015-16-300x276.jpg\" alt=\"Committee 2016\" width=\"510\" height=\"469\" srcset=\"https:\/\/www.deganwyhistory.co.uk\/wp-content\/uploads\/2015\/03\/Committee-2015-16-300x276.jpg 300w, https:\/\/www.deganwyhistory.co.uk\/wp-content\/uploads\/2015\/03\/Committee-2015-16-768x706.jpg 768w, https:\/\/www.deganwyhistory.co.uk\/wp-content\/uploads\/2015\/03\/Committee-2015-16.jpg 811w\" sizes=\"auto, (max-width: 510px) 100vw, 510px\" \/><\/h6>\n<h4><strong>Pwyllgor 2016<\/strong><\/h4>\n<p><span class=\"hps\"><strong>sefyll y tu \u00f4l o&#8217;r chwith i&#8217;r dde :-&nbsp;<\/strong>Nigel Bannerman, John Davies, Adrian Hughes, Ifor Williams, Gwyn Hughes.&nbsp;&nbsp;<\/span><\/p>\n<p><strong><span class=\"hps\">eistedd<\/span> <\/strong><strong>o&#8217;r chwith i&#8217;r dde :- <\/strong>Vicky Macdonald, Kevin Slattery, Eric Smith, Mary Meldrum, John Griffiths.<\/p>\n<p><strong><span class=\"hps\">mewnosod<\/span><\/strong> &#8211;&nbsp;Arfon Williams , Elan Rivers.<\/p>\n<hr>\n<p><img loading=\"lazy\" decoding=\"async\" class=\"alignnone wp-image-2112\" src=\"http:\/\/www.deganwyhistory.co.uk\/wp-content\/uploads\/2014\/05\/committee-2015-with-insert.jpgaa_.jpg\" alt=\"committee 2015 with insert.jpgaa\" width=\"536\" height=\"372\" srcset=\"https:\/\/www.deganwyhistory.co.uk\/wp-content\/uploads\/2014\/05\/committee-2015-with-insert.jpgaa_.jpg 461w, https:\/\/www.deganwyhistory.co.uk\/wp-content\/uploads\/2014\/05\/committee-2015-with-insert.jpgaa_-300x208.jpg 300w\" sizes=\"auto, (max-width: 536px) 100vw, 536px\" \/><\/p>\n<h4><strong>Pwyllgor 2015<\/strong><\/h4>\n<p><span class=\"hps\"><strong>sefyll y tu \u00f4l o&#8217;r chwith i&#8217;r dde :-&nbsp; &nbsp;<\/strong>Kevin Slattery, John M. Davies, Adrian Hughes, Tony Hobson, Gwyn Hughes, John Griffiths.<\/span><\/p>\n<p><strong><span class=\"hps\">eistedd<\/span> <\/strong><strong>o&#8217;r chwith i&#8217;r dde :- <\/strong>Vicky Macdonald&nbsp;, Eric Smith , Mary Meldrum ,Ifor P. Williams&nbsp;, Elan Rivers,<\/p>\n<p><strong><span class=\"hps\">mewnosod<\/span><\/strong> &#8211;&nbsp;Nigel Bannerman.<\/p>\n<p>&#8212;&#8212;&#8212;&#8212;&#8212;&#8212;&#8212;&#8212;&#8212;&#8212;&#8212;&#8212;&#8212;&#8212;&#8212;&#8212;&#8212;&#8212;&#8212;&#8212;&#8212;&#8212;&#8212;&#8212;&#8212;&#8212;&#8212;&#8212;&#8212;&#8212;&#8212;&#8212;&#8212;&#8212;&#8212;&#8212;&#8212;&#8212;&#8212;<\/p>\n<p><img loading=\"lazy\" decoding=\"async\" class=\"alignnone size-full wp-image-2102\" src=\"http:\/\/www.deganwyhistory.co.uk\/wp-content\/uploads\/2014\/05\/2014-Committee-cropped.jpg\" alt=\"2014 Committee cropped\" width=\"484\" height=\"340\" srcset=\"https:\/\/www.deganwyhistory.co.uk\/wp-content\/uploads\/2014\/05\/2014-Committee-cropped.jpg 484w, https:\/\/www.deganwyhistory.co.uk\/wp-content\/uploads\/2014\/05\/2014-Committee-cropped-300x211.jpg 300w\" sizes=\"auto, (max-width: 484px) 100vw, 484px\" \/><\/p>\n<h4><strong>Pwyllgor 2014<\/strong><\/h4>\n<p><span class=\"hps\"><strong>sefyll y tu \u00f4l o&#8217;r chwith i&#8217;r dde :-&nbsp; &nbsp;<\/strong>Kevin Slattery, John M. Davies, Tony Hobson, Ifor P. Williams , Gwyn Hughes, John Griffiths.<\/span><\/p>\n<p><strong><span class=\"hps\">eistedd<\/span> <span class=\"hps\">o&#8217;r chwith i&#8217;r dde :- <\/span><\/strong><span class=\"hps\">Fiona Richards , Eric Smith , Mary Meldrum , Vicky Macdonald&nbsp;, Elan Rivers,<\/span><\/p>\n<p><strong><span class=\"hps\">mewnosod<\/span><\/strong> &#8211; Bob Barnsdale .<\/p>\n<hr>\n<p><img loading=\"lazy\" decoding=\"async\" class=\" wp-image-2092 aligncenter\" src=\"http:\/\/www.deganwyhistory.co.uk\/wp-content\/uploads\/2014\/05\/Deganwy-committee-2014-2015.jpg\" alt=\"Deganwy committee 2014-2015\" width=\"562\" height=\"434\" srcset=\"https:\/\/www.deganwyhistory.co.uk\/wp-content\/uploads\/2014\/05\/Deganwy-committee-2014-2015.jpg 960w, https:\/\/www.deganwyhistory.co.uk\/wp-content\/uploads\/2014\/05\/Deganwy-committee-2014-2015-300x232.jpg 300w, https:\/\/www.deganwyhistory.co.uk\/wp-content\/uploads\/2014\/05\/Deganwy-committee-2014-2015-768x593.jpg 768w\" sizes=\"auto, (max-width: 562px) 100vw, 562px\" \/><\/p>\n<h4>Pwyllgor&nbsp;2013<\/h4>\n<p style=\"text-align: center;\"><span class=\"hps\"><strong>sefyll y tu \u00f4l o&#8217;r chwith i&#8217;r dde<\/strong><\/span><\/p>\n<p>Ifor P.Williams,&nbsp;Eric Smith, Bob Barnsdale,&nbsp; Kevin Slattery , John M.Davies&nbsp;.<\/p>\n<p style=\"text-align: center;\"><strong><span class=\"hps\">eistedd<\/span> <span class=\"hps\">o&#8217;r chwith i&#8217;r dde<\/span><\/strong><\/p>\n<p>John Griffiths&nbsp;,&nbsp; Vicky Macdonald, Fiona Richards Elan Rivers ,Mary Meldrum&nbsp;, Gwyn Hughes<\/p>\n<hr>\n<p><img loading=\"lazy\" decoding=\"async\" class=\"alignnone size-full wp-image-69\" src=\"http:\/\/www.indever.co.uk\/~deganwy\/wp-content\/uploads\/2014\/05\/committee_2012.jpg\" alt=\"committee_2012\" width=\"615\" height=\"400\" srcset=\"https:\/\/www.deganwyhistory.co.uk\/wp-content\/uploads\/2014\/05\/committee_2012.jpg 615w, https:\/\/www.deganwyhistory.co.uk\/wp-content\/uploads\/2014\/05\/committee_2012-300x195.jpg 300w\" sizes=\"auto, (max-width: 615px) 100vw, 615px\" \/><\/p>\n<h2>Pwyllgor&nbsp;2012<\/h2>\n<p><strong><span class=\"hps\">sefyll y tu \u00f4l o&#8217;r chwith i&#8217;r dde<\/span><\/strong><\/p>\n<p style=\"text-align: center;\">&nbsp;Ifor P.Williams&nbsp;, Gwyn Hughes&nbsp;, Eric Smith , John M.Davies. Kevin Slattery , John Griffiths .<\/p>\n<p style=\"text-align: center;\"><strong><span class=\"hps\">eistedd<\/span> <span class=\"hps\">o&#8217;r chwith i&#8217;r dde<\/span><\/strong><\/p>\n<p>Faye Macpherson&nbsp;, Elan Rivers.&nbsp; Vicky Macdonald, Fiona Richards&nbsp;.<\/p>\n<p><strong>fewnosod<\/strong> &#8211; Arfon W.Williams<\/p>\n<hr>\n<p><img loading=\"lazy\" decoding=\"async\" class=\"alignnone size-full wp-image-68\" src=\"http:\/\/www.indever.co.uk\/~deganwy\/wp-content\/uploads\/2014\/05\/committee_2011.jpg\" alt=\"committee_2011\" width=\"615\" height=\"400\" srcset=\"https:\/\/www.deganwyhistory.co.uk\/wp-content\/uploads\/2014\/05\/committee_2011.jpg 615w, https:\/\/www.deganwyhistory.co.uk\/wp-content\/uploads\/2014\/05\/committee_2011-300x195.jpg 300w\" sizes=\"auto, (max-width: 615px) 100vw, 615px\" \/><\/p>\n<h2>Pwyllgor&nbsp;2011<\/h2>\n<p style=\"text-align: center;\"><strong><span class=\"hps\">sefyll y tu \u00f4l o&#8217;r chwith i&#8217;r dde<\/span><\/strong><\/p>\n<p>Neil Hilton&nbsp;, Gwyn Hughes&nbsp;, Jason Weyman&nbsp;, Eric Smith , Stuart A.Rivers. John Griffiths&nbsp;.<\/p>\n<p style=\"text-align: center;\"><strong><span class=\"hps\">eistedd<\/span> <span class=\"hps\">o&#8217;r chwith i&#8217;r dde<\/span><\/strong><\/p>\n<p>Fiona Richards , Elan Rivers Ifor P.Williams&nbsp; Vicky Macdonald, Pat Ratcliffe<\/p>\n<p style=\"text-align: center;\">&nbsp;<strong>fewnosod &#8211;<\/strong>&nbsp;Arfon W.Williams<\/p>\n<hr>\n<p><\/p>","protected":false},"excerpt":{"rendered":"<p>Cysylltwch \u00e2 ni Os hoffech gysylltu \u00e2 Gr\u0175p Hanes Deganwy History Group, neu os oes gennych ymholiadau am y wefan hon, gellwch anfon neges e-bost neu gysylltu \u00e2\u2019n Hysgrifennydd neu\u2019r Gwefeistr Ysgrifennydd Vicky Macdonald Tel: 01492 583379 Email: VickyMacdonald@aol.com Gwefeistr Trefor Price 07711588714 E -bost : trefor.price@btopenworld.com Pwyllgor&nbsp;2017 Sefyll y tu \u00f4l o&#8217;r chwith i&#8217;r [&hellip;]<\/p>\n","protected":false},"author":1,"featured_media":0,"parent":0,"menu_order":0,"comment_status":"open","ping_status":"open","template":"","meta":{"_acf_changed":false,"ngg_post_thumbnail":0,"footnotes":""},"class_list":["post-14","page","type-page","status-publish","hentry"],"acf":[],"yoast_head":"<!-- This site is optimized with the Yoast SEO plugin v26.6 - https:\/\/yoast.com\/wordpress\/plugins\/seo\/ -->\n<title>Cyswllt - Deganwy History<\/title>\n<meta name=\"robots\" content=\"index, follow, max-snippet:-1, max-image-preview:large, max-video-preview:-1\" \/>\n<link rel=\"canonical\" href=\"https:\/\/www.deganwyhistory.co.uk\/cy\/contact-us\/\" \/>\n<meta property=\"og:locale\" content=\"en_US\" \/>\n<meta property=\"og:type\" content=\"article\" \/>\n<meta property=\"og:title\" content=\"Cyswllt - Deganwy History\" \/>\n<meta property=\"og:description\" content=\"Cysylltwch \u00e2 ni Os hoffech gysylltu \u00e2 Gr\u0175p Hanes Deganwy History Group, neu os oes gennych ymholiadau am y wefan hon, gellwch anfon neges e-bost neu gysylltu \u00e2\u2019n Hysgrifennydd neu\u2019r Gwefeistr Ysgrifennydd Vicky Macdonald Tel: 01492 583379 Email: VickyMacdonald@aol.com Gwefeistr Trefor Price 07711588714 E -bost : trefor.price@btopenworld.com Pwyllgor&nbsp;2017 Sefyll y tu \u00f4l o&#8217;r chwith i&#8217;r [&hellip;]\" \/>\n<meta property=\"og:url\" content=\"https:\/\/www.deganwyhistory.co.uk\/contact-us\/\" \/>\n<meta property=\"og:site_name\" content=\"Deganwy History\" \/>\n<meta property=\"article:modified_time\" content=\"2023-07-28T11:18:00+00:00\" \/>\n<meta property=\"og:image\" content=\"https:\/\/www.deganwyhistory.co.uk\/wp-content\/uploads\/2023\/07\/Committee_2023_C-300x185.jpg\" \/>\n<meta name=\"twitter:label1\" content=\"Est. reading time\" \/>\n\t<meta name=\"twitter:data1\" content=\"4 munud\" \/>\n<script type=\"application\/ld+json\" class=\"yoast-schema-graph\">{\"@context\":\"https:\/\/schema.org\",\"@graph\":[{\"@type\":\"WebPage\",\"@id\":\"https:\/\/www.deganwyhistory.co.uk\/contact-us\/\",\"url\":\"https:\/\/www.deganwyhistory.co.uk\/contact-us\/\",\"name\":\"Cyswllt - Deganwy History\",\"isPartOf\":{\"@id\":\"https:\/\/www.deganwyhistory.co.uk\/#website\"},\"primaryImageOfPage\":{\"@id\":\"https:\/\/www.deganwyhistory.co.uk\/contact-us\/#primaryimage\"},\"image\":{\"@id\":\"https:\/\/www.deganwyhistory.co.uk\/contact-us\/#primaryimage\"},\"thumbnailUrl\":\"https:\/\/www.deganwyhistory.co.uk\/wp-content\/uploads\/2023\/07\/Committee_2023_C-300x185.jpg\",\"datePublished\":\"2016-03-23T08:30:50+00:00\",\"dateModified\":\"2023-07-28T11:18:00+00:00\",\"breadcrumb\":{\"@id\":\"https:\/\/www.deganwyhistory.co.uk\/contact-us\/#breadcrumb\"},\"inLanguage\":\"cy\",\"potentialAction\":[{\"@type\":\"ReadAction\",\"target\":[\"https:\/\/www.deganwyhistory.co.uk\/contact-us\/\"]}]},{\"@type\":\"ImageObject\",\"inLanguage\":\"cy\",\"@id\":\"https:\/\/www.deganwyhistory.co.uk\/contact-us\/#primaryimage\",\"url\":\"https:\/\/www.deganwyhistory.co.uk\/wp-content\/uploads\/2023\/07\/Committee_2023_C-300x185.jpg\",\"contentUrl\":\"https:\/\/www.deganwyhistory.co.uk\/wp-content\/uploads\/2023\/07\/Committee_2023_C-300x185.jpg\"},{\"@type\":\"BreadcrumbList\",\"@id\":\"https:\/\/www.deganwyhistory.co.uk\/contact-us\/#breadcrumb\",\"itemListElement\":[{\"@type\":\"ListItem\",\"position\":1,\"name\":\"Home\",\"item\":\"https:\/\/www.deganwyhistory.co.uk\/\"},{\"@type\":\"ListItem\",\"position\":2,\"name\":\"Contact Us\"}]},{\"@type\":\"WebSite\",\"@id\":\"https:\/\/www.deganwyhistory.co.uk\/#website\",\"url\":\"https:\/\/www.deganwyhistory.co.uk\/\",\"name\":\"Deganwy History\",\"description\":\"Just another WordPress site\",\"potentialAction\":[{\"@type\":\"SearchAction\",\"target\":{\"@type\":\"EntryPoint\",\"urlTemplate\":\"https:\/\/www.deganwyhistory.co.uk\/?s={search_term_string}\"},\"query-input\":{\"@type\":\"PropertyValueSpecification\",\"valueRequired\":true,\"valueName\":\"search_term_string\"}}],\"inLanguage\":\"cy\"}]}<\/script>\n<!-- \/ Yoast SEO plugin. -->","yoast_head_json":{"title":"Cyswllt - Deganwy History","robots":{"index":"index","follow":"follow","max-snippet":"max-snippet:-1","max-image-preview":"max-image-preview:large","max-video-preview":"max-video-preview:-1"},"canonical":"https:\/\/www.deganwyhistory.co.uk\/cy\/contact-us\/","og_locale":"en_US","og_type":"article","og_title":"Cyswllt - Deganwy History","og_description":"Cysylltwch \u00e2 ni Os hoffech gysylltu \u00e2 Gr\u0175p Hanes Deganwy History Group, neu os oes gennych ymholiadau am y wefan hon, gellwch anfon neges e-bost neu gysylltu \u00e2\u2019n Hysgrifennydd neu\u2019r Gwefeistr Ysgrifennydd Vicky Macdonald Tel: 01492 583379 Email: VickyMacdonald@aol.com Gwefeistr Trefor Price 07711588714 E -bost : trefor.price@btopenworld.com Pwyllgor&nbsp;2017 Sefyll y tu \u00f4l o&#8217;r chwith i&#8217;r [&hellip;]","og_url":"https:\/\/www.deganwyhistory.co.uk\/contact-us\/","og_site_name":"Deganwy History","article_modified_time":"2023-07-28T11:18:00+00:00","og_image":[{"url":"https:\/\/www.deganwyhistory.co.uk\/wp-content\/uploads\/2023\/07\/Committee_2023_C-300x185.jpg","type":"","width":"","height":""}],"twitter_misc":{"Est. reading time":"4 munud"},"schema":{"@context":"https:\/\/schema.org","@graph":[{"@type":"WebPage","@id":"https:\/\/www.deganwyhistory.co.uk\/contact-us\/","url":"https:\/\/www.deganwyhistory.co.uk\/contact-us\/","name":"Cyswllt - Deganwy History","isPartOf":{"@id":"https:\/\/www.deganwyhistory.co.uk\/#website"},"primaryImageOfPage":{"@id":"https:\/\/www.deganwyhistory.co.uk\/contact-us\/#primaryimage"},"image":{"@id":"https:\/\/www.deganwyhistory.co.uk\/contact-us\/#primaryimage"},"thumbnailUrl":"https:\/\/www.deganwyhistory.co.uk\/wp-content\/uploads\/2023\/07\/Committee_2023_C-300x185.jpg","datePublished":"2016-03-23T08:30:50+00:00","dateModified":"2023-07-28T11:18:00+00:00","breadcrumb":{"@id":"https:\/\/www.deganwyhistory.co.uk\/contact-us\/#breadcrumb"},"inLanguage":"cy","potentialAction":[{"@type":"ReadAction","target":["https:\/\/www.deganwyhistory.co.uk\/contact-us\/"]}]},{"@type":"ImageObject","inLanguage":"cy","@id":"https:\/\/www.deganwyhistory.co.uk\/contact-us\/#primaryimage","url":"https:\/\/www.deganwyhistory.co.uk\/wp-content\/uploads\/2023\/07\/Committee_2023_C-300x185.jpg","contentUrl":"https:\/\/www.deganwyhistory.co.uk\/wp-content\/uploads\/2023\/07\/Committee_2023_C-300x185.jpg"},{"@type":"BreadcrumbList","@id":"https:\/\/www.deganwyhistory.co.uk\/contact-us\/#breadcrumb","itemListElement":[{"@type":"ListItem","position":1,"name":"Home","item":"https:\/\/www.deganwyhistory.co.uk\/"},{"@type":"ListItem","position":2,"name":"Contact Us"}]},{"@type":"WebSite","@id":"https:\/\/www.deganwyhistory.co.uk\/#website","url":"https:\/\/www.deganwyhistory.co.uk\/","name":"Deganwy History","description":"Just another WordPress site","potentialAction":[{"@type":"SearchAction","target":{"@type":"EntryPoint","urlTemplate":"https:\/\/www.deganwyhistory.co.uk\/?s={search_term_string}"},"query-input":{"@type":"PropertyValueSpecification","valueRequired":true,"valueName":"search_term_string"}}],"inLanguage":"cy"}]}},"_links":{"self":[{"href":"https:\/\/www.deganwyhistory.co.uk\/cy\/wp-json\/wp\/v2\/pages\/14","targetHints":{"allow":["GET"]}}],"collection":[{"href":"https:\/\/www.deganwyhistory.co.uk\/cy\/wp-json\/wp\/v2\/pages"}],"about":[{"href":"https:\/\/www.deganwyhistory.co.uk\/cy\/wp-json\/wp\/v2\/types\/page"}],"author":[{"embeddable":true,"href":"https:\/\/www.deganwyhistory.co.uk\/cy\/wp-json\/wp\/v2\/users\/1"}],"replies":[{"embeddable":true,"href":"https:\/\/www.deganwyhistory.co.uk\/cy\/wp-json\/wp\/v2\/comments?post=14"}],"version-history":[{"count":67,"href":"https:\/\/www.deganwyhistory.co.uk\/cy\/wp-json\/wp\/v2\/pages\/14\/revisions"}],"predecessor-version":[{"id":6737,"href":"https:\/\/www.deganwyhistory.co.uk\/cy\/wp-json\/wp\/v2\/pages\/14\/revisions\/6737"}],"wp:attachment":[{"href":"https:\/\/www.deganwyhistory.co.uk\/cy\/wp-json\/wp\/v2\/media?parent=14"}],"curies":[{"name":"wp","href":"https:\/\/api.w.org\/{rel}","templated":true}]}}