{"id":4255,"date":"2017-04-04T08:24:32","date_gmt":"2017-04-04T08:24:32","guid":{"rendered":"http:\/\/www.deganwyhistory.co.uk\/?page_id=4255"},"modified":"2017-12-04T16:26:19","modified_gmt":"2017-12-04T16:26:19","slug":"snippets-of-history-march-2017","status":"publish","type":"page","link":"https:\/\/www.deganwyhistory.co.uk\/cy\/snippets-of-history-march-2017\/","title":{"rendered":"Pigion Hanes 2017"},"content":{"rendered":"<p><span style=\"color: #339966;\">16eg Mawrth 2017 &#8230;&#8230;<\/span><\/p>\n<p><span lang=\"CY\"><span style=\"color: #000000; font-family: Calibri;\">Roedd nifer fawr o bobl yn bresennol yn ein cyfarfod diwethaf ar 16eg Mawrth pan ddaeth 3 aelod o\u2019r Gr\u0175p ymlaen i barhau\u2019r traddodiad o gyflwyno sgyrsiau byr anffurfiol &#8211; ac arbennig o hwyliog unwaith y flwyddyn i aelodau a ffrindiau.<\/span><\/span><\/p>\n<p><span lang=\"CY\"><span style=\"color: #000000; font-family: Calibri;\">Y gyntaf i ddod ymlaen oedd <strong>Lucinda Smith<\/strong>, a\u2019i thestun oedd <strong>\u2018The Conwy Affray &#8211; Ffetherbedds and ffrying panns\u2019.<\/strong><\/span><strong><span style=\"color: #000000; font-family: Calibri;\">\u00a0\u00a0<\/span><\/strong><\/span><\/p>\n<p><a href=\"http:\/\/www.deganwyhistory.co.uk\/wp-content\/uploads\/2017\/04\/safe_image-e1492081717932.jpg\"><img loading=\"lazy\" decoding=\"async\" class=\"alignnone size-full wp-image-4327\" src=\"http:\/\/www.deganwyhistory.co.uk\/wp-content\/uploads\/2017\/04\/safe_image-e1492081717932.jpg\" alt=\"safe_image\" width=\"266\" height=\"266\" srcset=\"https:\/\/www.deganwyhistory.co.uk\/wp-content\/uploads\/2017\/04\/safe_image-e1492081717932.jpg 266w, https:\/\/www.deganwyhistory.co.uk\/wp-content\/uploads\/2017\/04\/safe_image-e1492081717932-150x150.jpg 150w, https:\/\/www.deganwyhistory.co.uk\/wp-content\/uploads\/2017\/04\/safe_image-e1492081717932-100x100.jpg 100w, https:\/\/www.deganwyhistory.co.uk\/wp-content\/uploads\/2017\/04\/safe_image-e1492081717932-50x50.jpg 50w\" sizes=\"auto, (max-width: 266px) 100vw, 266px\" \/><\/a><\/p>\n<p><span lang=\"CY\"> <span style=\"color: #000000; font-family: Calibri;\">Roedd hwn yn seiliedig ar ddogfennau archifol oedd yn disgrifio sgandal yng Nghonwy yn y 16eg canrif, yn ymwneud a honiadau o drais, carcharu ar gam, lladrata,<\/span><span style=\"color: #000000; font-family: Calibri;\">\u00a0 <\/span><span style=\"color: #000000; font-family: Calibri;\">cribddeiliaeth, &#8211; a llusgo rhywun allan o Eglwys y Santes Fair yn y dref gerfydd ei gwallt! Yr un a chafodd ei gyhuddo oedd Thomas Salisbury, Cwnstabl Castell Conwy, a\u2019r rhai oedd yn ei gyhuddo oedd Bwrdeiswyr y dref. Cynhaliwyd yr achos yn Siambr y Seren ym Mhalas San Steffan, Llundain gan Cardinal Thomas Wolsey.<\/span><\/span><\/p>\n<div id=\"attachment_4315\" style=\"width: 310px\" class=\"wp-caption alignnone\"><a href=\"http:\/\/www.deganwyhistory.co.uk\/wp-content\/uploads\/2017\/04\/Star-Chamber-London1.jpg\"><img loading=\"lazy\" decoding=\"async\" aria-describedby=\"caption-attachment-4315\" class=\"wp-image-4315 size-medium\" src=\"http:\/\/www.deganwyhistory.co.uk\/wp-content\/uploads\/2017\/04\/Star-Chamber-London1-300x220.jpg\" alt=\"Star Chamber London\" width=\"300\" height=\"220\" \/><\/a><p id=\"caption-attachment-4315\" class=\"wp-caption-text\">Siambr y Seren ym Mhalas San Steffan, \u00a0Llundain<\/p><\/div>\n<p><span lang=\"CY\"><span style=\"color: #000000; font-family: Calibri;\"> Dangosodd Lucinda delweddau o\u2019r dogfennau sydd i\u2019w gweld yn Archif Conwy ac yn yr Archif Genedlaethol oedd yn rhoi\u2019r achos ar ran y ddwy ochr. Yn anffodus nid yw\u2019r dogfennau yn cyfeirio at ganlyniad yr achos ond mae Lucinda yn bwriadu parhau i ymchwilio gan obeithio darganfod diweddglo\u2019r hanes canlyniad (os nad y gwirionedd) rhyw ddydd.<\/span><span style=\"color: #000000; font-family: Calibri;\">\u00a0\u00a0\u00a0\u00a0\u00a0<\/span><\/span><\/p>\n<hr \/>\n<p><span lang=\"CY\"><span style=\"color: #000000; font-family: Calibri;\">\u00a0\u00a0\u00a0<\/span><\/span><span style=\"color: #000000; font-family: Calibri;\">\u00a0<\/span><span lang=\"CY\"><span style=\"color: #000000; font-family: Calibri;\">Yna cafwyd sgwrs ddarluniadol gan <strong>Elan Rivers<\/strong> am siop <strong>Wartski y Gemydd<\/strong> yn<\/span><span style=\"color: #000000; font-family: Calibri;\">\u00a0 <\/span><span style=\"color: #000000; font-family: Calibri;\">Llandudno.<\/span><\/span><\/p>\n<div id=\"attachment_4318\" style=\"width: 230px\" class=\"wp-caption aligncenter\"><a href=\"http:\/\/www.deganwyhistory.co.uk\/wp-content\/uploads\/2017\/04\/Morris-Warski-Bangor.jpg\"><img loading=\"lazy\" decoding=\"async\" aria-describedby=\"caption-attachment-4318\" class=\"size-full wp-image-4318\" src=\"http:\/\/www.deganwyhistory.co.uk\/wp-content\/uploads\/2017\/04\/Morris-Warski-Bangor.jpg\" alt=\"Morris Warski - Bangor \" width=\"220\" height=\"159\" \/><\/a><p id=\"caption-attachment-4318\" class=\"wp-caption-text\">Morris Wartski &#8211; Bangor<\/p><\/div>\n<p><span lang=\"CY\"><span style=\"color: #000000; font-family: Calibri;\">Daeth Morris Wartski i Ogledd Cymru o\u2019r ardal sydd ar y ffin rhwng Gwlad Pwyl a Rwsia, efallai i ddianc rhag y pogromau gwrth-Iddewig . Sefydlodd siop ym Mangor ym 1865 gan fynd o gwmpas yr ardal yn trwsio watsiau a chlociau. Ar \u00f4l iddo sefydlu ei hun ym Mangor, symudodd i Landudno gan agor siopau gemwaith a dilladaeth yn Stryd Mostyn. Ym 1911 sefydlodd siopau yn Bond Street a Regent Street yn Llundain. Priododd ei ferch ag Emmanuel Snowman, sef mab un oedd yn gweithio yng ngweithdy Faberge yn Rwsia. Yn dilyn y Chwildro yn Rwsia ym 1917, galluogwyd i\u2019r teulu prynu gemwaith a thrysorau eraill a atafaelwyd gan y llywodraeth. Ymysg ei gwsmeriaid oedd y 5ed Marcwis ecsentrig o Ynys M\u00f4n, Bing Crosby a Jackie Kennedy. Caewyd siop olaf Wartski yn Llandudno ym 1973 ond gellir gweld yr enw mewn mos\u00e4ig yn y fynedfa i siop Goldsmiths yn y dref.<\/span><span style=\"color: #000000; font-family: Calibri;\">\u00a0 <\/span><span style=\"color: #000000; font-family: Calibri;\">Mae\u2019r brif siop yn Llundain yn parhau i fod yn fusnes teuluol llewyrchus. Mae Wartski wedi ymdrin \u00e2 gwerthiant nifer o wyau enwog Faberge, 43 ohonynt a adfeddiannid ers i\u2019r gweithdai cau. <\/span><\/span><\/p>\n<div id=\"attachment_4317\" style=\"width: 246px\" class=\"wp-caption aligncenter\"><a href=\"http:\/\/www.deganwyhistory.co.uk\/wp-content\/uploads\/2017\/04\/watski-easter-Azov.jpg\"><img loading=\"lazy\" decoding=\"async\" aria-describedby=\"caption-attachment-4317\" class=\"wp-image-4317 size-full\" src=\"http:\/\/www.deganwyhistory.co.uk\/wp-content\/uploads\/2017\/04\/watski-easter-Azov.jpg\" alt=\"watski easter Azov\" width=\"236\" height=\"164\" \/><\/a><p id=\"caption-attachment-4317\" class=\"wp-caption-text\">\u2018\u0174y Pasg er cof am Azov\u2019 gan Faberge -1891<\/p><\/div>\n<p><span lang=\"CY\"><span style=\"color: #000000; font-family: Calibri;\">Ychydig flynyddoedd yn \u00f4l, prynwyd un yn ddiarwybod gan <\/span><\/span><span lang=\"CY\"><span style=\"color: #000000; font-family: Calibri;\">ddeliwr am $14,000 &#8211; pan sylweddolodd beth oedd, fe\u2019i\u00a0<\/span><\/span><span lang=\"CY\"> <span style=\"color: #000000; font-family: Calibri;\">gwerthwyd am \u00a333m. <\/span><\/span><\/p>\n<p><span lang=\"CY\"><span style=\"color: #000000; font-family: Calibri;\">Mae saith o wyau Faberge dal i fod ar goll, felly ewch i chwilio amdanynt!<\/span><span style=\"color: #000000; font-family: Calibri;\">\u00a0 <\/span><\/span><\/p>\n<p><span lang=\"CY\"><span style=\"color: #000000; font-family: Calibri;\">\u00a0<\/span><\/span><\/p>\n<hr \/>\n<p><span lang=\"CY\"><span style=\"color: #000000; font-family: Calibri;\"><strong>Gwyn Hughes<\/strong> roddodd y sgwrs olaf, ac aeth a ni am dro diddanus iawn i lawr L\u00f4n Atgofion &#8211; neu efallai L\u00f4n Marl dylai hon fod. Dangosodd Gwyn luniau o <em><strong>Ddeganwy fel y bu ac fel y mae r\u0175an<\/strong> <\/em>a chafwyd llawer o gyfranogiadau gan y gynulleidfa wrth i bobl rhannu eu gwybodaeth a\u2019u hatgofion. Dangoswyd lluniau awyr o Doc Deganwy ym 1951 ac ym 1980, yn cynnwys y seidin lle arhosodd y <\/span><\/span><span lang=\"CY\"><span style=\"color: #000000; font-family: Calibri;\">Brenin a\u2019r Frenhines dros nos ar adeg eu hymweliad a\u2019r pentref ym 1946.<\/span><\/span><\/p>\n<div id=\"attachment_4312\" style=\"width: 222px\" class=\"wp-caption aligncenter\"><a href=\"http:\/\/www.deganwyhistory.co.uk\/wp-content\/uploads\/2017\/04\/Pabo-Hall-.-P.O.W.-Camp9.jpg\"><img loading=\"lazy\" decoding=\"async\" aria-describedby=\"caption-attachment-4312\" class=\"wp-image-4312 size-medium\" src=\"http:\/\/www.deganwyhistory.co.uk\/wp-content\/uploads\/2017\/04\/Pabo-Hall-.-P.O.W.-Camp9-212x300.jpg\" alt=\"Pabo Hall . P.O.W. Camp\" width=\"212\" height=\"300\" srcset=\"https:\/\/www.deganwyhistory.co.uk\/wp-content\/uploads\/2017\/04\/Pabo-Hall-.-P.O.W.-Camp9-212x300.jpg 212w, https:\/\/www.deganwyhistory.co.uk\/wp-content\/uploads\/2017\/04\/Pabo-Hall-.-P.O.W.-Camp9.jpg 636w\" sizes=\"auto, (max-width: 212px) 100vw, 212px\" \/><\/a><p id=\"caption-attachment-4312\" class=\"wp-caption-text\">Pabo Hall 119 yn y Gyffordd,<\/p><\/div>\n<p><span style=\"color: #000000; font-family: Calibri;\">\u00a0<\/span><span lang=\"CY\"><span style=\"color: #000000; font-family: Calibri;\">Yna dangoswyd llun o gr\u0175p o ddynion o Wersyll Carcharorion Rhyfel<\/span><span style=\"color: #000000; font-family: Calibri;\">\u00a0<\/span><span style=\"color: #000000; font-family: Calibri;\">, a llun mwy diweddar o\u2019r union yr un fan. Fel y gwelir, mae\u2019r postyn ar y chwith yn y llun yn dal i fodoli. Bu\u2019r Gwersyll yn parhau i gael ei ddefnyddio am nifer o flynyddoedd ar \u00f4l y rhyfel gyda llawer o\u2019r Carcharorion Rhyfel yn gweithio ar y tir. Bu i nifer ohonynt <\/span><span style=\"font-family: Calibri;\">ymgartrefu yn lleol, yn cynnwys Jozef Kosik sydd i\u2019w weld yn y llun &#8211; mae\u2019r teulu yn dal i fyw yn yr ardal. <\/span><\/span><\/p>\n<div id=\"attachment_4321\" style=\"width: 310px\" class=\"wp-caption aligncenter\"><a href=\"http:\/\/www.deganwyhistory.co.uk\/wp-content\/uploads\/2017\/04\/1-0-0.jpg2_.jpg\"><img loading=\"lazy\" decoding=\"async\" aria-describedby=\"caption-attachment-4321\" class=\"size-medium wp-image-4321\" src=\"http:\/\/www.deganwyhistory.co.uk\/wp-content\/uploads\/2017\/04\/1-0-0.jpg2_-300x300.jpg\" alt=\"1952 - wooded area\" width=\"300\" height=\"300\" srcset=\"https:\/\/www.deganwyhistory.co.uk\/wp-content\/uploads\/2017\/04\/1-0-0.jpg2_-300x300.jpg 300w, https:\/\/www.deganwyhistory.co.uk\/wp-content\/uploads\/2017\/04\/1-0-0.jpg2_-150x150.jpg 150w, https:\/\/www.deganwyhistory.co.uk\/wp-content\/uploads\/2017\/04\/1-0-0.jpg2_-100x100.jpg 100w, https:\/\/www.deganwyhistory.co.uk\/wp-content\/uploads\/2017\/04\/1-0-0.jpg2_-50x50.jpg 50w, https:\/\/www.deganwyhistory.co.uk\/wp-content\/uploads\/2017\/04\/1-0-0.jpg2_.jpg 512w\" sizes=\"auto, (max-width: 300px) 100vw, 300px\" \/><\/a><p id=\"caption-attachment-4321\" class=\"wp-caption-text\">1952 &#8211;\u00a0Chwarel\u00a0 yn y coedwig<\/p><\/div>\n<p><span lang=\"CY\"><span style=\"font-family: Calibri;\">Mewn llun awyr o\u2019r gwersyll a dynnwyd ym 1952, dangosodd Gwyn goedwig fach rhwng y tai newydd ger Bryn Estyn, sy\u2019n dangos chwarel cudd preifat &#8211; a chyfeiriodd at y ffaith i rywun oedd yn garddio gerllaw darganfod darn o drac rheilffordd! Dangoswyd hefyd ardal hen Ysgol Woodlands yn<\/span><span style=\"color: #000000; font-family: Calibri;\"> L\u00f4n Marl <\/span><span style=\"font-family: Calibri;\">a\u2019r caeau gerllaw ymhell cyn i\u2019r A470 newydd i Landudno cael ei hadeiladu.<\/span><span style=\"font-family: Calibri;\">\u00a0 <\/span><\/span><\/p>\n<p><span lang=\"CY\"><span style=\"color: #000000; font-family: Calibri;\">Bydd lawer mwy o luniau i\u2019w gweld yn arddangosfa ein Diwrnod Agored yn Rhagfyr, ond yn y cyfamser os gallwch gynnig gwybodaeth ychwanegol i\u2019r sgyrsiau hyn, cysylltwch \u00e2 ni &#8211; byddem yn falch iawn i glywed gennych.<\/span><\/span><\/p>\n<p><span style=\"color: #339966;\"><i><span lang=\"CY\" style=\"margin: 0px; font-family: 'Times New Roman';\">Addasiad o adroddiad Lucinda Smith<\/span><\/i><\/span><\/p>\n<p align=\"center\"><span lang=\"CY\" style=\"margin: 0px; font-family: 'Times New Roman';\"><span style=\"color: #000000;\">\u00a0<\/span><\/span><\/p>\n<p><span style=\"color: #000000; font-family: Calibri;\">\u00a0<\/span><\/p>","protected":false},"excerpt":{"rendered":"<p>16eg Mawrth 2017 &#8230;&#8230; Roedd nifer fawr o bobl yn bresennol yn ein cyfarfod diwethaf ar 16eg Mawrth pan ddaeth 3 aelod o\u2019r Gr\u0175p ymlaen i barhau\u2019r traddodiad o gyflwyno sgyrsiau byr anffurfiol &#8211; ac arbennig o hwyliog unwaith y flwyddyn i aelodau a ffrindiau. Y gyntaf i ddod ymlaen oedd Lucinda Smith, a\u2019i thestun [&hellip;]<\/p>\n","protected":false},"author":1,"featured_media":0,"parent":0,"menu_order":0,"comment_status":"open","ping_status":"open","template":"","meta":{"_acf_changed":false,"ngg_post_thumbnail":0,"footnotes":""},"class_list":["post-4255","page","type-page","status-publish","hentry"],"acf":[],"yoast_head":"<!-- This site is optimized with the Yoast SEO plugin v26.6 - https:\/\/yoast.com\/wordpress\/plugins\/seo\/ -->\n<title>Pigion Hanes 2017 - Deganwy History<\/title>\n<meta name=\"robots\" content=\"index, follow, max-snippet:-1, max-image-preview:large, max-video-preview:-1\" \/>\n<link rel=\"canonical\" href=\"https:\/\/www.deganwyhistory.co.uk\/cy\/snippets-of-history-march-2017\/\" \/>\n<meta property=\"og:locale\" content=\"en_US\" \/>\n<meta property=\"og:type\" content=\"article\" \/>\n<meta property=\"og:title\" content=\"Pigion Hanes 2017 - Deganwy History\" \/>\n<meta property=\"og:description\" content=\"16eg Mawrth 2017 &#8230;&#8230; Roedd nifer fawr o bobl yn bresennol yn ein cyfarfod diwethaf ar 16eg Mawrth pan ddaeth 3 aelod o\u2019r Gr\u0175p ymlaen i barhau\u2019r traddodiad o gyflwyno sgyrsiau byr anffurfiol &#8211; ac arbennig o hwyliog unwaith y flwyddyn i aelodau a ffrindiau. Y gyntaf i ddod ymlaen oedd Lucinda Smith, a\u2019i thestun [&hellip;]\" \/>\n<meta property=\"og:url\" content=\"https:\/\/www.deganwyhistory.co.uk\/snippets-of-history-march-2017\/\" \/>\n<meta property=\"og:site_name\" content=\"Deganwy History\" \/>\n<meta property=\"article:modified_time\" content=\"2017-12-04T16:26:19+00:00\" \/>\n<meta property=\"og:image\" content=\"http:\/\/www.deganwyhistory.co.uk\/wp-content\/uploads\/2017\/04\/2017.03.16.-a-Kevin-Slattery-150x150.jpg\" \/>\n<meta name=\"twitter:label1\" content=\"Est. reading time\" \/>\n\t<meta name=\"twitter:data1\" content=\"7 munud\" \/>\n<script type=\"application\/ld+json\" class=\"yoast-schema-graph\">{\"@context\":\"https:\/\/schema.org\",\"@graph\":[{\"@type\":\"WebPage\",\"@id\":\"https:\/\/www.deganwyhistory.co.uk\/snippets-of-history-march-2017\/\",\"url\":\"https:\/\/www.deganwyhistory.co.uk\/snippets-of-history-march-2017\/\",\"name\":\"Pigion Hanes 2017 - Deganwy History\",\"isPartOf\":{\"@id\":\"https:\/\/www.deganwyhistory.co.uk\/#website\"},\"primaryImageOfPage\":{\"@id\":\"https:\/\/www.deganwyhistory.co.uk\/snippets-of-history-march-2017\/#primaryimage\"},\"image\":{\"@id\":\"https:\/\/www.deganwyhistory.co.uk\/snippets-of-history-march-2017\/#primaryimage\"},\"thumbnailUrl\":\"http:\/\/www.deganwyhistory.co.uk\/wp-content\/uploads\/2017\/04\/2017.03.16.-a-Kevin-Slattery-150x150.jpg\",\"datePublished\":\"2017-04-04T08:24:32+00:00\",\"dateModified\":\"2017-12-04T16:26:19+00:00\",\"breadcrumb\":{\"@id\":\"https:\/\/www.deganwyhistory.co.uk\/snippets-of-history-march-2017\/#breadcrumb\"},\"inLanguage\":\"cy\",\"potentialAction\":[{\"@type\":\"ReadAction\",\"target\":[\"https:\/\/www.deganwyhistory.co.uk\/snippets-of-history-march-2017\/\"]}]},{\"@type\":\"ImageObject\",\"inLanguage\":\"cy\",\"@id\":\"https:\/\/www.deganwyhistory.co.uk\/snippets-of-history-march-2017\/#primaryimage\",\"url\":\"http:\/\/www.deganwyhistory.co.uk\/wp-content\/uploads\/2017\/04\/2017.03.16.-a-Kevin-Slattery-150x150.jpg\",\"contentUrl\":\"http:\/\/www.deganwyhistory.co.uk\/wp-content\/uploads\/2017\/04\/2017.03.16.-a-Kevin-Slattery-150x150.jpg\"},{\"@type\":\"BreadcrumbList\",\"@id\":\"https:\/\/www.deganwyhistory.co.uk\/snippets-of-history-march-2017\/#breadcrumb\",\"itemListElement\":[{\"@type\":\"ListItem\",\"position\":1,\"name\":\"Home\",\"item\":\"https:\/\/www.deganwyhistory.co.uk\/\"},{\"@type\":\"ListItem\",\"position\":2,\"name\":\"Snippets of History &#8211; March 2017\"}]},{\"@type\":\"WebSite\",\"@id\":\"https:\/\/www.deganwyhistory.co.uk\/#website\",\"url\":\"https:\/\/www.deganwyhistory.co.uk\/\",\"name\":\"Deganwy History\",\"description\":\"Just another WordPress site\",\"potentialAction\":[{\"@type\":\"SearchAction\",\"target\":{\"@type\":\"EntryPoint\",\"urlTemplate\":\"https:\/\/www.deganwyhistory.co.uk\/?s={search_term_string}\"},\"query-input\":{\"@type\":\"PropertyValueSpecification\",\"valueRequired\":true,\"valueName\":\"search_term_string\"}}],\"inLanguage\":\"cy\"}]}<\/script>\n<!-- \/ Yoast SEO plugin. -->","yoast_head_json":{"title":"Pigion Hanes 2017 - Deganwy History","robots":{"index":"index","follow":"follow","max-snippet":"max-snippet:-1","max-image-preview":"max-image-preview:large","max-video-preview":"max-video-preview:-1"},"canonical":"https:\/\/www.deganwyhistory.co.uk\/cy\/snippets-of-history-march-2017\/","og_locale":"en_US","og_type":"article","og_title":"Pigion Hanes 2017 - Deganwy History","og_description":"16eg Mawrth 2017 &#8230;&#8230; Roedd nifer fawr o bobl yn bresennol yn ein cyfarfod diwethaf ar 16eg Mawrth pan ddaeth 3 aelod o\u2019r Gr\u0175p ymlaen i barhau\u2019r traddodiad o gyflwyno sgyrsiau byr anffurfiol &#8211; ac arbennig o hwyliog unwaith y flwyddyn i aelodau a ffrindiau. Y gyntaf i ddod ymlaen oedd Lucinda Smith, a\u2019i thestun [&hellip;]","og_url":"https:\/\/www.deganwyhistory.co.uk\/snippets-of-history-march-2017\/","og_site_name":"Deganwy History","article_modified_time":"2017-12-04T16:26:19+00:00","og_image":[{"url":"http:\/\/www.deganwyhistory.co.uk\/wp-content\/uploads\/2017\/04\/2017.03.16.-a-Kevin-Slattery-150x150.jpg","type":"","width":"","height":""}],"twitter_misc":{"Est. reading time":"7 munud"},"schema":{"@context":"https:\/\/schema.org","@graph":[{"@type":"WebPage","@id":"https:\/\/www.deganwyhistory.co.uk\/snippets-of-history-march-2017\/","url":"https:\/\/www.deganwyhistory.co.uk\/snippets-of-history-march-2017\/","name":"Pigion Hanes 2017 - Deganwy History","isPartOf":{"@id":"https:\/\/www.deganwyhistory.co.uk\/#website"},"primaryImageOfPage":{"@id":"https:\/\/www.deganwyhistory.co.uk\/snippets-of-history-march-2017\/#primaryimage"},"image":{"@id":"https:\/\/www.deganwyhistory.co.uk\/snippets-of-history-march-2017\/#primaryimage"},"thumbnailUrl":"http:\/\/www.deganwyhistory.co.uk\/wp-content\/uploads\/2017\/04\/2017.03.16.-a-Kevin-Slattery-150x150.jpg","datePublished":"2017-04-04T08:24:32+00:00","dateModified":"2017-12-04T16:26:19+00:00","breadcrumb":{"@id":"https:\/\/www.deganwyhistory.co.uk\/snippets-of-history-march-2017\/#breadcrumb"},"inLanguage":"cy","potentialAction":[{"@type":"ReadAction","target":["https:\/\/www.deganwyhistory.co.uk\/snippets-of-history-march-2017\/"]}]},{"@type":"ImageObject","inLanguage":"cy","@id":"https:\/\/www.deganwyhistory.co.uk\/snippets-of-history-march-2017\/#primaryimage","url":"http:\/\/www.deganwyhistory.co.uk\/wp-content\/uploads\/2017\/04\/2017.03.16.-a-Kevin-Slattery-150x150.jpg","contentUrl":"http:\/\/www.deganwyhistory.co.uk\/wp-content\/uploads\/2017\/04\/2017.03.16.-a-Kevin-Slattery-150x150.jpg"},{"@type":"BreadcrumbList","@id":"https:\/\/www.deganwyhistory.co.uk\/snippets-of-history-march-2017\/#breadcrumb","itemListElement":[{"@type":"ListItem","position":1,"name":"Home","item":"https:\/\/www.deganwyhistory.co.uk\/"},{"@type":"ListItem","position":2,"name":"Snippets of History &#8211; March 2017"}]},{"@type":"WebSite","@id":"https:\/\/www.deganwyhistory.co.uk\/#website","url":"https:\/\/www.deganwyhistory.co.uk\/","name":"Deganwy History","description":"Just another WordPress site","potentialAction":[{"@type":"SearchAction","target":{"@type":"EntryPoint","urlTemplate":"https:\/\/www.deganwyhistory.co.uk\/?s={search_term_string}"},"query-input":{"@type":"PropertyValueSpecification","valueRequired":true,"valueName":"search_term_string"}}],"inLanguage":"cy"}]}},"_links":{"self":[{"href":"https:\/\/www.deganwyhistory.co.uk\/cy\/wp-json\/wp\/v2\/pages\/4255","targetHints":{"allow":["GET"]}}],"collection":[{"href":"https:\/\/www.deganwyhistory.co.uk\/cy\/wp-json\/wp\/v2\/pages"}],"about":[{"href":"https:\/\/www.deganwyhistory.co.uk\/cy\/wp-json\/wp\/v2\/types\/page"}],"author":[{"embeddable":true,"href":"https:\/\/www.deganwyhistory.co.uk\/cy\/wp-json\/wp\/v2\/users\/1"}],"replies":[{"embeddable":true,"href":"https:\/\/www.deganwyhistory.co.uk\/cy\/wp-json\/wp\/v2\/comments?post=4255"}],"version-history":[{"count":27,"href":"https:\/\/www.deganwyhistory.co.uk\/cy\/wp-json\/wp\/v2\/pages\/4255\/revisions"}],"predecessor-version":[{"id":5113,"href":"https:\/\/www.deganwyhistory.co.uk\/cy\/wp-json\/wp\/v2\/pages\/4255\/revisions\/5113"}],"wp:attachment":[{"href":"https:\/\/www.deganwyhistory.co.uk\/cy\/wp-json\/wp\/v2\/media?parent=4255"}],"curies":[{"name":"wp","href":"https:\/\/api.w.org\/{rel}","templated":true}]}}