{"id":5444,"date":"2018-09-04T11:06:39","date_gmt":"2018-09-04T11:06:39","guid":{"rendered":"http:\/\/www.deganwyhistory.co.uk\/?page_id=5444"},"modified":"2018-10-19T16:29:19","modified_gmt":"2018-10-19T16:29:19","slug":"visit-to-oriel-ynys-mon","status":"publish","type":"page","link":"https:\/\/www.deganwyhistory.co.uk\/cy\/visit-to-oriel-ynys-mon\/","title":{"rendered":"Ymweliad i Oriel Ynys M\u00f4n"},"content":{"rendered":"<p>Ar ddydd Sadwrn 21ain Mehefin 2018, aeth criw bach selog o aelodau Gr\u0175p Hanes Deganwy (rhai ohonynt wedi teithio o Swydd Caer!) i Oriel Ynys M\u00f4n am daith dywysedig dan arweiniad Ian Jones, Rheolwr y Casgliadau. Wrth ganolbwyntio ar archeoleg, eglurodd, er bod Ynys M\u00f4n yn doreithiog efo archeoleg, nid oedd ganddo gasgliad cynhwysfawr ar hyn o bryd oherwydd mai ond ym 1991 agorwyd yr Oriel. Cyn hynny, anfonwyd arteffactau i\u2019r Llyfrgell Brydeinig, yr Amgueddfa Genedlaethol yng Nghaerdydd neu i Amgueddfa Gwynedd ym Mangor (Storiel r\u0175an). Erbyn hyn, fodd bynnag fe newidiwyd hyn ac mae cartref gweddus iddynt yn awr ar Ynys M\u00f4n.<\/p>\n<div id=\"attachment_5442\" style=\"width: 310px\" class=\"wp-caption aligncenter\"><img loading=\"lazy\" decoding=\"async\" aria-describedby=\"caption-attachment-5442\" class=\"size-medium wp-image-5442\" src=\"http:\/\/www.deganwyhistory.co.uk\/wp-content\/uploads\/2018\/09\/2018_OrielYnysMon1-300x169.jpg\" alt=\"\" width=\"300\" height=\"169\" srcset=\"https:\/\/www.deganwyhistory.co.uk\/wp-content\/uploads\/2018\/09\/2018_OrielYnysMon1-300x169.jpg 300w, https:\/\/www.deganwyhistory.co.uk\/wp-content\/uploads\/2018\/09\/2018_OrielYnysMon1-1024x576.jpg 1024w, https:\/\/www.deganwyhistory.co.uk\/wp-content\/uploads\/2018\/09\/2018_OrielYnysMon1-768x432.jpg 768w, https:\/\/www.deganwyhistory.co.uk\/wp-content\/uploads\/2018\/09\/2018_OrielYnysMon1-1536x864.jpg 1536w, https:\/\/www.deganwyhistory.co.uk\/wp-content\/uploads\/2018\/09\/2018_OrielYnysMon1-2048x1152.jpg 2048w\" sizes=\"auto, (max-width: 300px) 100vw, 300px\" \/><p id=\"caption-attachment-5442\" class=\"wp-caption-text\">Casgliad Oriel Ynys M\u00f4n<\/p><\/div>\n<p>Soniodd Ian wrthym am y gwaith cloddio sy\u2019n mynd ymlaen ar hyn o bryd yn Wylfa Newydd, sydd, hyd yn hyn, wedi datgelu nifer o adfeilion o gyfnodau\u2019r Oes Mesolitheg hyd at yr Oesoedd Canol; mae\u2019r safle yn debyg iawn i\u2019r un yn Din Lligwy, ond yn fwy ac wedi cadw\u2019n well. Mae arteffactau a replicau o Fryn Celli Du, Barclodiad y Gawres a Llyn Cerrig Bach i\u2019w gweld yn Oriel Ynys M\u00f4n, yn ogystal a darganfyddiadau o safleoedd llai adnabyddus ar Ynys Mon, megis Bedd Branwen, Capel Eithin, Porth Dafarth a Merddyn Gwyn.<\/p>\n<p>Un o uchafbwyntiau ein hymweliad oedd cael cyffwrdd yr eitemau a gyflwynodd Ian i ni, yn cynnwys pen-bwyell go iawn &#8211; a ddarganfuwyd ar Ynys M\u00f4n ond a ddaeth yn wreiddiol o\u2019r ffatri bwyeill neolithig yng Nghraig Lwyd, Penmaenmawr.<\/p>\n<div id=\"attachment_5443\" style=\"width: 179px\" class=\"wp-caption aligncenter\"><img loading=\"lazy\" decoding=\"async\" aria-describedby=\"caption-attachment-5443\" class=\"size-medium wp-image-5443\" src=\"http:\/\/www.deganwyhistory.co.uk\/wp-content\/uploads\/2018\/09\/2018_OrielYnysMon2-169x300.jpg\" alt=\"\" width=\"169\" height=\"300\" srcset=\"https:\/\/www.deganwyhistory.co.uk\/wp-content\/uploads\/2018\/09\/2018_OrielYnysMon2-169x300.jpg 169w, https:\/\/www.deganwyhistory.co.uk\/wp-content\/uploads\/2018\/09\/2018_OrielYnysMon2-576x1024.jpg 576w, https:\/\/www.deganwyhistory.co.uk\/wp-content\/uploads\/2018\/09\/2018_OrielYnysMon2-768x1365.jpg 768w, https:\/\/www.deganwyhistory.co.uk\/wp-content\/uploads\/2018\/09\/2018_OrielYnysMon2-864x1536.jpg 864w, https:\/\/www.deganwyhistory.co.uk\/wp-content\/uploads\/2018\/09\/2018_OrielYnysMon2-1152x2048.jpg 1152w, https:\/\/www.deganwyhistory.co.uk\/wp-content\/uploads\/2018\/09\/2018_OrielYnysMon2-scaled.jpg 1440w\" sizes=\"auto, (max-width: 169px) 100vw, 169px\" \/><p id=\"caption-attachment-5443\" class=\"wp-caption-text\">Cadwyn Gang, Oriel Ynys M\u00f4n,<\/p><\/div>\n<p>Byddem yn eich argymell eich bod yn ymweld ag Oriel Ynys M\u00f4n, lle gwarchodir yr arddangosion yn dda mewn amgylchedd croesawus. Mae yna hefyd arddangosfa barhaus o waith paent Charles Tunnicliffe, ag Oriel Kyffin Williams. Mae mynediad am ddim ac mae hynna caffi gwych a siop yn llawn nwyddau. Diolch i Ian Jones am drefnu ymweliad hollol ddiddorol a werth chweil.<\/p>\n<p style=\"text-align: right;\"><strong>Addasiad o adroddiad Lucinda Smith<\/strong><\/p>\n<p><\/p>","protected":false},"excerpt":{"rendered":"<p>Ar ddydd Sadwrn 21ain Mehefin 2018, aeth criw bach selog o aelodau Gr\u0175p Hanes Deganwy (rhai ohonynt wedi teithio o Swydd Caer!) i Oriel Ynys M\u00f4n am daith dywysedig dan arweiniad Ian Jones, Rheolwr y Casgliadau. Wrth ganolbwyntio ar archeoleg, eglurodd, er bod Ynys M\u00f4n yn doreithiog efo archeoleg, nid oedd ganddo gasgliad cynhwysfawr ar [&hellip;]<\/p>\n","protected":false},"author":4,"featured_media":0,"parent":0,"menu_order":0,"comment_status":"closed","ping_status":"closed","template":"","meta":{"_acf_changed":false,"ngg_post_thumbnail":0,"footnotes":""},"class_list":["post-5444","page","type-page","status-publish","hentry"],"acf":[],"yoast_head":"<!-- This site is optimized with the Yoast SEO plugin v26.6 - https:\/\/yoast.com\/wordpress\/plugins\/seo\/ -->\n<title>Ymweliad i Oriel Ynys M\u00f4n - Deganwy History<\/title>\n<meta name=\"robots\" content=\"index, follow, max-snippet:-1, max-image-preview:large, max-video-preview:-1\" \/>\n<link rel=\"canonical\" href=\"https:\/\/www.deganwyhistory.co.uk\/cy\/visit-to-oriel-ynys-mon\/\" \/>\n<meta property=\"og:locale\" content=\"en_US\" \/>\n<meta property=\"og:type\" content=\"article\" \/>\n<meta property=\"og:title\" content=\"Ymweliad i Oriel Ynys M\u00f4n - Deganwy History\" \/>\n<meta property=\"og:description\" content=\"Ar ddydd Sadwrn 21ain Mehefin 2018, aeth criw bach selog o aelodau Gr\u0175p Hanes Deganwy (rhai ohonynt wedi teithio o Swydd Caer!) i Oriel Ynys M\u00f4n am daith dywysedig dan arweiniad Ian Jones, Rheolwr y Casgliadau. Wrth ganolbwyntio ar archeoleg, eglurodd, er bod Ynys M\u00f4n yn doreithiog efo archeoleg, nid oedd ganddo gasgliad cynhwysfawr ar [&hellip;]\" \/>\n<meta property=\"og:url\" content=\"https:\/\/www.deganwyhistory.co.uk\/visit-to-oriel-ynys-mon\/\" \/>\n<meta property=\"og:site_name\" content=\"Deganwy History\" \/>\n<meta property=\"article:modified_time\" content=\"2018-10-19T16:29:19+00:00\" \/>\n<meta property=\"og:image\" content=\"http:\/\/www.deganwyhistory.co.uk\/wp-content\/uploads\/2018\/09\/2018_OrielYnysMon1-300x169.jpg\" \/>\n<meta name=\"twitter:label1\" content=\"Est. reading time\" \/>\n\t<meta name=\"twitter:data1\" content=\"3 munud\" \/>\n<script type=\"application\/ld+json\" class=\"yoast-schema-graph\">{\"@context\":\"https:\/\/schema.org\",\"@graph\":[{\"@type\":\"WebPage\",\"@id\":\"https:\/\/www.deganwyhistory.co.uk\/visit-to-oriel-ynys-mon\/\",\"url\":\"https:\/\/www.deganwyhistory.co.uk\/visit-to-oriel-ynys-mon\/\",\"name\":\"Ymweliad i Oriel Ynys M\u00f4n - Deganwy History\",\"isPartOf\":{\"@id\":\"https:\/\/www.deganwyhistory.co.uk\/#website\"},\"primaryImageOfPage\":{\"@id\":\"https:\/\/www.deganwyhistory.co.uk\/visit-to-oriel-ynys-mon\/#primaryimage\"},\"image\":{\"@id\":\"https:\/\/www.deganwyhistory.co.uk\/visit-to-oriel-ynys-mon\/#primaryimage\"},\"thumbnailUrl\":\"http:\/\/www.deganwyhistory.co.uk\/wp-content\/uploads\/2018\/09\/2018_OrielYnysMon1-300x169.jpg\",\"datePublished\":\"2018-09-04T11:06:39+00:00\",\"dateModified\":\"2018-10-19T16:29:19+00:00\",\"breadcrumb\":{\"@id\":\"https:\/\/www.deganwyhistory.co.uk\/visit-to-oriel-ynys-mon\/#breadcrumb\"},\"inLanguage\":\"cy\",\"potentialAction\":[{\"@type\":\"ReadAction\",\"target\":[\"https:\/\/www.deganwyhistory.co.uk\/visit-to-oriel-ynys-mon\/\"]}]},{\"@type\":\"ImageObject\",\"inLanguage\":\"cy\",\"@id\":\"https:\/\/www.deganwyhistory.co.uk\/visit-to-oriel-ynys-mon\/#primaryimage\",\"url\":\"http:\/\/www.deganwyhistory.co.uk\/wp-content\/uploads\/2018\/09\/2018_OrielYnysMon1-300x169.jpg\",\"contentUrl\":\"http:\/\/www.deganwyhistory.co.uk\/wp-content\/uploads\/2018\/09\/2018_OrielYnysMon1-300x169.jpg\"},{\"@type\":\"BreadcrumbList\",\"@id\":\"https:\/\/www.deganwyhistory.co.uk\/visit-to-oriel-ynys-mon\/#breadcrumb\",\"itemListElement\":[{\"@type\":\"ListItem\",\"position\":1,\"name\":\"Home\",\"item\":\"https:\/\/www.deganwyhistory.co.uk\/\"},{\"@type\":\"ListItem\",\"position\":2,\"name\":\"Visit to Oriel Ynys M\u00f4n\"}]},{\"@type\":\"WebSite\",\"@id\":\"https:\/\/www.deganwyhistory.co.uk\/#website\",\"url\":\"https:\/\/www.deganwyhistory.co.uk\/\",\"name\":\"Deganwy History\",\"description\":\"Just another WordPress site\",\"potentialAction\":[{\"@type\":\"SearchAction\",\"target\":{\"@type\":\"EntryPoint\",\"urlTemplate\":\"https:\/\/www.deganwyhistory.co.uk\/?s={search_term_string}\"},\"query-input\":{\"@type\":\"PropertyValueSpecification\",\"valueRequired\":true,\"valueName\":\"search_term_string\"}}],\"inLanguage\":\"cy\"}]}<\/script>\n<!-- \/ Yoast SEO plugin. -->","yoast_head_json":{"title":"Ymweliad i Oriel Ynys M\u00f4n - Deganwy History","robots":{"index":"index","follow":"follow","max-snippet":"max-snippet:-1","max-image-preview":"max-image-preview:large","max-video-preview":"max-video-preview:-1"},"canonical":"https:\/\/www.deganwyhistory.co.uk\/cy\/visit-to-oriel-ynys-mon\/","og_locale":"en_US","og_type":"article","og_title":"Ymweliad i Oriel Ynys M\u00f4n - Deganwy History","og_description":"Ar ddydd Sadwrn 21ain Mehefin 2018, aeth criw bach selog o aelodau Gr\u0175p Hanes Deganwy (rhai ohonynt wedi teithio o Swydd Caer!) i Oriel Ynys M\u00f4n am daith dywysedig dan arweiniad Ian Jones, Rheolwr y Casgliadau. Wrth ganolbwyntio ar archeoleg, eglurodd, er bod Ynys M\u00f4n yn doreithiog efo archeoleg, nid oedd ganddo gasgliad cynhwysfawr ar [&hellip;]","og_url":"https:\/\/www.deganwyhistory.co.uk\/visit-to-oriel-ynys-mon\/","og_site_name":"Deganwy History","article_modified_time":"2018-10-19T16:29:19+00:00","og_image":[{"url":"http:\/\/www.deganwyhistory.co.uk\/wp-content\/uploads\/2018\/09\/2018_OrielYnysMon1-300x169.jpg","type":"","width":"","height":""}],"twitter_misc":{"Est. reading time":"3 munud"},"schema":{"@context":"https:\/\/schema.org","@graph":[{"@type":"WebPage","@id":"https:\/\/www.deganwyhistory.co.uk\/visit-to-oriel-ynys-mon\/","url":"https:\/\/www.deganwyhistory.co.uk\/visit-to-oriel-ynys-mon\/","name":"Ymweliad i Oriel Ynys M\u00f4n - Deganwy History","isPartOf":{"@id":"https:\/\/www.deganwyhistory.co.uk\/#website"},"primaryImageOfPage":{"@id":"https:\/\/www.deganwyhistory.co.uk\/visit-to-oriel-ynys-mon\/#primaryimage"},"image":{"@id":"https:\/\/www.deganwyhistory.co.uk\/visit-to-oriel-ynys-mon\/#primaryimage"},"thumbnailUrl":"http:\/\/www.deganwyhistory.co.uk\/wp-content\/uploads\/2018\/09\/2018_OrielYnysMon1-300x169.jpg","datePublished":"2018-09-04T11:06:39+00:00","dateModified":"2018-10-19T16:29:19+00:00","breadcrumb":{"@id":"https:\/\/www.deganwyhistory.co.uk\/visit-to-oriel-ynys-mon\/#breadcrumb"},"inLanguage":"cy","potentialAction":[{"@type":"ReadAction","target":["https:\/\/www.deganwyhistory.co.uk\/visit-to-oriel-ynys-mon\/"]}]},{"@type":"ImageObject","inLanguage":"cy","@id":"https:\/\/www.deganwyhistory.co.uk\/visit-to-oriel-ynys-mon\/#primaryimage","url":"http:\/\/www.deganwyhistory.co.uk\/wp-content\/uploads\/2018\/09\/2018_OrielYnysMon1-300x169.jpg","contentUrl":"http:\/\/www.deganwyhistory.co.uk\/wp-content\/uploads\/2018\/09\/2018_OrielYnysMon1-300x169.jpg"},{"@type":"BreadcrumbList","@id":"https:\/\/www.deganwyhistory.co.uk\/visit-to-oriel-ynys-mon\/#breadcrumb","itemListElement":[{"@type":"ListItem","position":1,"name":"Home","item":"https:\/\/www.deganwyhistory.co.uk\/"},{"@type":"ListItem","position":2,"name":"Visit to Oriel Ynys M\u00f4n"}]},{"@type":"WebSite","@id":"https:\/\/www.deganwyhistory.co.uk\/#website","url":"https:\/\/www.deganwyhistory.co.uk\/","name":"Deganwy History","description":"Just another WordPress site","potentialAction":[{"@type":"SearchAction","target":{"@type":"EntryPoint","urlTemplate":"https:\/\/www.deganwyhistory.co.uk\/?s={search_term_string}"},"query-input":{"@type":"PropertyValueSpecification","valueRequired":true,"valueName":"search_term_string"}}],"inLanguage":"cy"}]}},"_links":{"self":[{"href":"https:\/\/www.deganwyhistory.co.uk\/cy\/wp-json\/wp\/v2\/pages\/5444","targetHints":{"allow":["GET"]}}],"collection":[{"href":"https:\/\/www.deganwyhistory.co.uk\/cy\/wp-json\/wp\/v2\/pages"}],"about":[{"href":"https:\/\/www.deganwyhistory.co.uk\/cy\/wp-json\/wp\/v2\/types\/page"}],"author":[{"embeddable":true,"href":"https:\/\/www.deganwyhistory.co.uk\/cy\/wp-json\/wp\/v2\/users\/4"}],"replies":[{"embeddable":true,"href":"https:\/\/www.deganwyhistory.co.uk\/cy\/wp-json\/wp\/v2\/comments?post=5444"}],"version-history":[{"count":8,"href":"https:\/\/www.deganwyhistory.co.uk\/cy\/wp-json\/wp\/v2\/pages\/5444\/revisions"}],"predecessor-version":[{"id":5512,"href":"https:\/\/www.deganwyhistory.co.uk\/cy\/wp-json\/wp\/v2\/pages\/5444\/revisions\/5512"}],"wp:attachment":[{"href":"https:\/\/www.deganwyhistory.co.uk\/cy\/wp-json\/wp\/v2\/media?parent=5444"}],"curies":[{"name":"wp","href":"https:\/\/api.w.org\/{rel}","templated":true}]}}