{"id":7299,"date":"2026-02-26T14:07:01","date_gmt":"2026-02-26T14:07:01","guid":{"rendered":"https:\/\/www.deganwyhistory.co.uk\/?page_id=7299"},"modified":"2026-03-02T15:55:13","modified_gmt":"2026-03-02T15:55:13","slug":"snippets-of-history-2026","status":"publish","type":"page","link":"https:\/\/www.deganwyhistory.co.uk\/cy\/snippets-of-history-2026\/","title":{"rendered":"Pigion Hanes 2026"},"content":{"rendered":"<p><strong>Ar ddydd Iau 19eg Chwefror, cafodd Gr\u0175p Hanes Deganwy noson Darnau Hanes gwahanol. Fel sy&#8217;n arferol ar gyfer noson y Darnau Hanes, rhoddodd siaradwyr sgyrsiau ar bynciau y maent wedi&#8217;u hymchwilio iddynt neu sydd \u00e2 chysylltiadau uniongyrchol \u00e2 nhw. Y gwahaniaeth eleni oedd ein bod wrth ein bodd yn cael adran gerddorol i ategu ein noson.<\/strong><\/p>\n<hr>\n<p>Ein sgwrs gyntaf oedd gan Diane Williams o&#8217;r enw Menywod Conwy. Dywedodd Diane wrthym am sawl menyw o Gonwy a oedd wedi cyfrannu at Gonwy naill ai o ran diwylliant a\/neu wleidyddiaeth. Cliciwch ar y ddolen i ddarllen am Fenywod Conwy.<\/p>\n<p><a href=\"https:\/\/www.deganwyhistory.co.uk\/wp-content\/uploads\/2026\/03\/Conwy_Women-Welsh.pdf\">Menywod Conwy<\/a><\/p>\n<hr>\n<p>Ein hail sgwrs oedd Aur mewn Guano gan Trefor Price. Mae Trefor a&#8217;i wraig wedi ymweld \u00e2 Periw nifer o weithiau ac yn 2024 ymwelasant \u00e2 Pharc Cenedlaethol Paracas lle cychwynnodd rhai adeiladau ar Ynysoedd Chincha rywfaint o ymchwil pan ddychwelasant adref. Cliciwch ar y ddolen ganlynol i ddarllen mwy am Aur mewn Guano.<\/p>\n<p><a href=\"https:\/\/www.deganwyhistory.co.uk\/wp-content\/uploads\/2026\/03\/PeruGuano_Website-Welsh.pdf\">Aur mewn Guano<\/a><\/p>\n<hr>\n<p>Y drydedd eitem oedd adran gerddorol gan Paula a Hazel, dau gerddor lleol. Mae Paula wedi dilyn rhai o sgyrsiau\u2019r gr\u0175p hanes ac wedi cael ei hysbrydoli i ysgrifennu caneuon am Gonwy a\u2019i phobl. Roedd y g\u00e2n gyntaf yn ymwneud \u00e2 thref Conwy, ei chastell, y jac y d\u00f4s a\u2019r pysgod wystrys. Roedd yr ail g\u00e2n yn deyrnged i Gwladys Roberts a\u2019i bywyd yn cynaeafu cregyn gleision yn afon Conwy. Roedd y g\u00e2n olaf yn ymwneud \u00e2 llongddrylliad oddi ar Ynysoedd y Moelrhoniaid, Ynys M\u00f4n, ac Evan Thomas a oedd yn adnabyddus am ei waith fel gosodwr esgyrn. Mae plac marmor yn gorwedd y tu mewn i eglwys Llanfairynghornwy ar \u00f4l i Evan drin gwraig yr Arglwydd Bulkley yn llwyddiannus.<\/p>\n<div id=\"attachment_7305\" style=\"width: 282px\" class=\"wp-caption aligncenter\"><img loading=\"lazy\" decoding=\"async\" aria-describedby=\"caption-attachment-7305\" class=\"size-medium wp-image-7305\" src=\"https:\/\/www.deganwyhistory.co.uk\/wp-content\/uploads\/2026\/02\/EvanThomas_Bonesetter-272x300.jpg\" alt=\"\" width=\"272\" height=\"300\" srcset=\"https:\/\/www.deganwyhistory.co.uk\/wp-content\/uploads\/2026\/02\/EvanThomas_Bonesetter-272x300.jpg 272w, https:\/\/www.deganwyhistory.co.uk\/wp-content\/uploads\/2026\/02\/EvanThomas_Bonesetter.jpg 641w\" sizes=\"auto, (max-width: 272px) 100vw, 272px\" \/><p id=\"caption-attachment-7305\" class=\"wp-caption-text\">Evan Thomas, Bonesetter<\/p><\/div>\n<p>Diolch i Diane a Trefor am eich sgyrsiau addysgiadol iawn a diolch arbennig i Paula a Hazel am ein diddanu gyda&#8217;ch caneuon, a fydd, rwy&#8217;n deall, ar gael ar CD yn y dyfodol agos, wedi&#8217;u rhyddhau o dan eu henw llwyfan Darwish a Mary. I glywed &#8220;pigion&#8221; o&#8217;u cerddoriaeth cliciwch ar y ddolen hon:<\/p>\n<p>https:\/\/www.facebook.com\/share\/r\/1D5NE6kGFj\/<\/p>","protected":false},"excerpt":{"rendered":"<p>Ar ddydd Iau 19eg Chwefror, cafodd Gr\u0175p Hanes Deganwy noson Darnau Hanes gwahanol. Fel sy&#8217;n arferol ar gyfer noson y Darnau Hanes, rhoddodd siaradwyr sgyrsiau ar bynciau y maent wedi&#8217;u hymchwilio iddynt neu sydd \u00e2 chysylltiadau uniongyrchol \u00e2 nhw. Y gwahaniaeth eleni oedd ein bod wrth ein bodd yn cael adran gerddorol i ategu ein [&hellip;]<\/p>\n","protected":false},"author":4,"featured_media":0,"parent":0,"menu_order":0,"comment_status":"closed","ping_status":"closed","template":"","meta":{"_acf_changed":false,"ngg_post_thumbnail":0,"footnotes":""},"class_list":["post-7299","page","type-page","status-publish","hentry"],"acf":[],"yoast_head":"<!-- This site is optimized with the Yoast SEO plugin v26.6 - https:\/\/yoast.com\/wordpress\/plugins\/seo\/ -->\n<title>Pigion Hanes 2026 - Deganwy History<\/title>\n<meta name=\"robots\" content=\"index, follow, max-snippet:-1, max-image-preview:large, max-video-preview:-1\" \/>\n<link rel=\"canonical\" href=\"https:\/\/www.deganwyhistory.co.uk\/cy\/snippets-of-history-2026\/\" \/>\n<meta property=\"og:locale\" content=\"en_US\" \/>\n<meta property=\"og:type\" content=\"article\" \/>\n<meta property=\"og:title\" content=\"Pigion Hanes 2026 - Deganwy History\" \/>\n<meta property=\"og:description\" content=\"Ar ddydd Iau 19eg Chwefror, cafodd Gr\u0175p Hanes Deganwy noson Darnau Hanes gwahanol. Fel sy&#8217;n arferol ar gyfer noson y Darnau Hanes, rhoddodd siaradwyr sgyrsiau ar bynciau y maent wedi&#8217;u hymchwilio iddynt neu sydd \u00e2 chysylltiadau uniongyrchol \u00e2 nhw. Y gwahaniaeth eleni oedd ein bod wrth ein bodd yn cael adran gerddorol i ategu ein [&hellip;]\" \/>\n<meta property=\"og:url\" content=\"https:\/\/www.deganwyhistory.co.uk\/snippets-of-history-2026\/\" \/>\n<meta property=\"og:site_name\" content=\"Deganwy History\" \/>\n<meta property=\"article:modified_time\" content=\"2026-03-02T15:55:13+00:00\" \/>\n<meta property=\"og:image\" content=\"https:\/\/www.deganwyhistory.co.uk\/wp-content\/uploads\/2026\/02\/EvanThomas_Bonesetter.jpg\" \/>\n\t<meta property=\"og:image:width\" content=\"641\" \/>\n\t<meta property=\"og:image:height\" content=\"707\" \/>\n\t<meta property=\"og:image:type\" content=\"image\/jpeg\" \/>\n<meta name=\"twitter:label1\" content=\"Est. reading time\" \/>\n\t<meta name=\"twitter:data1\" content=\"2 funud\" \/>\n<script type=\"application\/ld+json\" class=\"yoast-schema-graph\">{\"@context\":\"https:\/\/schema.org\",\"@graph\":[{\"@type\":\"WebPage\",\"@id\":\"https:\/\/www.deganwyhistory.co.uk\/snippets-of-history-2026\/\",\"url\":\"https:\/\/www.deganwyhistory.co.uk\/snippets-of-history-2026\/\",\"name\":\"Pigion Hanes 2026 - Deganwy History\",\"isPartOf\":{\"@id\":\"https:\/\/www.deganwyhistory.co.uk\/#website\"},\"primaryImageOfPage\":{\"@id\":\"https:\/\/www.deganwyhistory.co.uk\/snippets-of-history-2026\/#primaryimage\"},\"image\":{\"@id\":\"https:\/\/www.deganwyhistory.co.uk\/snippets-of-history-2026\/#primaryimage\"},\"thumbnailUrl\":\"https:\/\/www.deganwyhistory.co.uk\/wp-content\/uploads\/2026\/02\/EvanThomas_Bonesetter-272x300.jpg\",\"datePublished\":\"2026-02-26T14:07:01+00:00\",\"dateModified\":\"2026-03-02T15:55:13+00:00\",\"breadcrumb\":{\"@id\":\"https:\/\/www.deganwyhistory.co.uk\/snippets-of-history-2026\/#breadcrumb\"},\"inLanguage\":\"cy\",\"potentialAction\":[{\"@type\":\"ReadAction\",\"target\":[\"https:\/\/www.deganwyhistory.co.uk\/snippets-of-history-2026\/\"]}]},{\"@type\":\"ImageObject\",\"inLanguage\":\"cy\",\"@id\":\"https:\/\/www.deganwyhistory.co.uk\/snippets-of-history-2026\/#primaryimage\",\"url\":\"https:\/\/www.deganwyhistory.co.uk\/wp-content\/uploads\/2026\/02\/EvanThomas_Bonesetter-272x300.jpg\",\"contentUrl\":\"https:\/\/www.deganwyhistory.co.uk\/wp-content\/uploads\/2026\/02\/EvanThomas_Bonesetter-272x300.jpg\"},{\"@type\":\"BreadcrumbList\",\"@id\":\"https:\/\/www.deganwyhistory.co.uk\/snippets-of-history-2026\/#breadcrumb\",\"itemListElement\":[{\"@type\":\"ListItem\",\"position\":1,\"name\":\"Home\",\"item\":\"https:\/\/www.deganwyhistory.co.uk\/\"},{\"@type\":\"ListItem\",\"position\":2,\"name\":\"Snippets of History 2026\"}]},{\"@type\":\"WebSite\",\"@id\":\"https:\/\/www.deganwyhistory.co.uk\/#website\",\"url\":\"https:\/\/www.deganwyhistory.co.uk\/\",\"name\":\"Deganwy History\",\"description\":\"Just another WordPress site\",\"potentialAction\":[{\"@type\":\"SearchAction\",\"target\":{\"@type\":\"EntryPoint\",\"urlTemplate\":\"https:\/\/www.deganwyhistory.co.uk\/?s={search_term_string}\"},\"query-input\":{\"@type\":\"PropertyValueSpecification\",\"valueRequired\":true,\"valueName\":\"search_term_string\"}}],\"inLanguage\":\"cy\"}]}<\/script>\n<!-- \/ Yoast SEO plugin. -->","yoast_head_json":{"title":"Pigion Hanes 2026 - Deganwy History","robots":{"index":"index","follow":"follow","max-snippet":"max-snippet:-1","max-image-preview":"max-image-preview:large","max-video-preview":"max-video-preview:-1"},"canonical":"https:\/\/www.deganwyhistory.co.uk\/cy\/snippets-of-history-2026\/","og_locale":"en_US","og_type":"article","og_title":"Pigion Hanes 2026 - Deganwy History","og_description":"Ar ddydd Iau 19eg Chwefror, cafodd Gr\u0175p Hanes Deganwy noson Darnau Hanes gwahanol. Fel sy&#8217;n arferol ar gyfer noson y Darnau Hanes, rhoddodd siaradwyr sgyrsiau ar bynciau y maent wedi&#8217;u hymchwilio iddynt neu sydd \u00e2 chysylltiadau uniongyrchol \u00e2 nhw. Y gwahaniaeth eleni oedd ein bod wrth ein bodd yn cael adran gerddorol i ategu ein [&hellip;]","og_url":"https:\/\/www.deganwyhistory.co.uk\/snippets-of-history-2026\/","og_site_name":"Deganwy History","article_modified_time":"2026-03-02T15:55:13+00:00","og_image":[{"width":641,"height":707,"url":"https:\/\/www.deganwyhistory.co.uk\/wp-content\/uploads\/2026\/02\/EvanThomas_Bonesetter.jpg","type":"image\/jpeg"}],"twitter_misc":{"Est. reading time":"2 funud"},"schema":{"@context":"https:\/\/schema.org","@graph":[{"@type":"WebPage","@id":"https:\/\/www.deganwyhistory.co.uk\/snippets-of-history-2026\/","url":"https:\/\/www.deganwyhistory.co.uk\/snippets-of-history-2026\/","name":"Pigion Hanes 2026 - Deganwy History","isPartOf":{"@id":"https:\/\/www.deganwyhistory.co.uk\/#website"},"primaryImageOfPage":{"@id":"https:\/\/www.deganwyhistory.co.uk\/snippets-of-history-2026\/#primaryimage"},"image":{"@id":"https:\/\/www.deganwyhistory.co.uk\/snippets-of-history-2026\/#primaryimage"},"thumbnailUrl":"https:\/\/www.deganwyhistory.co.uk\/wp-content\/uploads\/2026\/02\/EvanThomas_Bonesetter-272x300.jpg","datePublished":"2026-02-26T14:07:01+00:00","dateModified":"2026-03-02T15:55:13+00:00","breadcrumb":{"@id":"https:\/\/www.deganwyhistory.co.uk\/snippets-of-history-2026\/#breadcrumb"},"inLanguage":"cy","potentialAction":[{"@type":"ReadAction","target":["https:\/\/www.deganwyhistory.co.uk\/snippets-of-history-2026\/"]}]},{"@type":"ImageObject","inLanguage":"cy","@id":"https:\/\/www.deganwyhistory.co.uk\/snippets-of-history-2026\/#primaryimage","url":"https:\/\/www.deganwyhistory.co.uk\/wp-content\/uploads\/2026\/02\/EvanThomas_Bonesetter-272x300.jpg","contentUrl":"https:\/\/www.deganwyhistory.co.uk\/wp-content\/uploads\/2026\/02\/EvanThomas_Bonesetter-272x300.jpg"},{"@type":"BreadcrumbList","@id":"https:\/\/www.deganwyhistory.co.uk\/snippets-of-history-2026\/#breadcrumb","itemListElement":[{"@type":"ListItem","position":1,"name":"Home","item":"https:\/\/www.deganwyhistory.co.uk\/"},{"@type":"ListItem","position":2,"name":"Snippets of History 2026"}]},{"@type":"WebSite","@id":"https:\/\/www.deganwyhistory.co.uk\/#website","url":"https:\/\/www.deganwyhistory.co.uk\/","name":"Deganwy History","description":"Just another WordPress site","potentialAction":[{"@type":"SearchAction","target":{"@type":"EntryPoint","urlTemplate":"https:\/\/www.deganwyhistory.co.uk\/?s={search_term_string}"},"query-input":{"@type":"PropertyValueSpecification","valueRequired":true,"valueName":"search_term_string"}}],"inLanguage":"cy"}]}},"_links":{"self":[{"href":"https:\/\/www.deganwyhistory.co.uk\/cy\/wp-json\/wp\/v2\/pages\/7299","targetHints":{"allow":["GET"]}}],"collection":[{"href":"https:\/\/www.deganwyhistory.co.uk\/cy\/wp-json\/wp\/v2\/pages"}],"about":[{"href":"https:\/\/www.deganwyhistory.co.uk\/cy\/wp-json\/wp\/v2\/types\/page"}],"author":[{"embeddable":true,"href":"https:\/\/www.deganwyhistory.co.uk\/cy\/wp-json\/wp\/v2\/users\/4"}],"replies":[{"embeddable":true,"href":"https:\/\/www.deganwyhistory.co.uk\/cy\/wp-json\/wp\/v2\/comments?post=7299"}],"version-history":[{"count":13,"href":"https:\/\/www.deganwyhistory.co.uk\/cy\/wp-json\/wp\/v2\/pages\/7299\/revisions"}],"predecessor-version":[{"id":7320,"href":"https:\/\/www.deganwyhistory.co.uk\/cy\/wp-json\/wp\/v2\/pages\/7299\/revisions\/7320"}],"wp:attachment":[{"href":"https:\/\/www.deganwyhistory.co.uk\/cy\/wp-json\/wp\/v2\/media?parent=7299"}],"curies":[{"name":"wp","href":"https:\/\/api.w.org\/{rel}","templated":true}]}}